{"id":1870,"date":"2024-09-05T19:30:38","date_gmt":"2024-09-05T19:30:38","guid":{"rendered":"https:\/\/origin.psychotherapie-hepperger.com\/?page_id=1870"},"modified":"2025-02-02T13:29:07","modified_gmt":"2025-02-02T13:29:07","slug":"impressum","status":"publish","type":"page","link":"https:\/\/www.psychotherapeutin-in-innsbruck.at\/en\/impressum\/","title":{"rendered":"Imprint"},"content":{"rendered":"<div data-elementor-type=\"wp-page\" data-elementor-id=\"1870\" class=\"elementor elementor-1870\">\n\t\t\t\t<div class=\"elementor-element elementor-element-5ac7c13d e-flex e-con-boxed e-con e-parent\" data-id=\"5ac7c13d\" data-element_type=\"container\" data-e-type=\"container\" data-settings=\"{&quot;background_background&quot;:&quot;classic&quot;}\">\n\t\t\t\t\t<div class=\"e-con-inner\">\n\t\t\t\t<div class=\"elementor-element elementor-element-3818406b elementor-widget__width-inherit elementor-invisible elementor-widget elementor-widget-heading\" data-id=\"3818406b\" data-element_type=\"widget\" data-e-type=\"widget\" data-settings=\"{&quot;_animation&quot;:&quot;fadeIn&quot;}\" data-widget_type=\"heading.default\">\n\t\t\t\t\t<h2 class=\"elementor-heading-title elementor-size-default\">Imprint<\/h2>\t\t\t\t<\/div>\n\t\t\t\t<div class=\"elementor-element elementor-element-527fda5 elementor-icon-list--layout-inline elementor-align-start elementor-list-item-link-full_width elementor-invisible elementor-widget elementor-widget-icon-list\" data-id=\"527fda5\" data-element_type=\"widget\" data-e-type=\"widget\" data-settings=\"{&quot;_animation&quot;:&quot;fadeIn&quot;,&quot;_animation_delay&quot;:200}\" data-widget_type=\"icon-list.default\">\n\t\t\t\t\t\t\t<ul class=\"elementor-icon-list-items elementor-inline-items\">\n\t\t\t\t\t\t\t<li class=\"elementor-icon-list-item elementor-inline-item\">\n\t\t\t\t\t\t\t\t\t\t\t<a href=\"#\">\n\n\t\t\t\t\t\t\t\t\t\t\t<span class=\"elementor-icon-list-text\">Home<\/span>\n\t\t\t\t\t\t\t\t\t\t\t<\/a>\n\t\t\t\t\t\t\t\t\t<\/li>\n\t\t\t\t\t\t\t\t<li class=\"elementor-icon-list-item elementor-inline-item\">\n\t\t\t\t\t\t\t\t\t\t\t<a href=\"#\">\n\n\t\t\t\t\t\t\t\t\t\t\t\t<span class=\"elementor-icon-list-icon\">\n\t\t\t\t\t\t\t<i aria-hidden=\"true\" class=\"icon icon-arrow-right\"><\/i>\t\t\t\t\t\t<\/span>\n\t\t\t\t\t\t\t\t\t\t<span class=\"elementor-icon-list-text\">Imprint<\/span>\n\t\t\t\t\t\t\t\t\t\t\t<\/a>\n\t\t\t\t\t\t\t\t\t<\/li>\n\t\t\t\t\t\t<\/ul>\n\t\t\t\t\t\t<\/div>\n\t\t\t\t\t<\/div>\n\t\t\t\t<\/div>\n\t\t<div class=\"elementor-element elementor-element-7d1543d2 e-flex e-con-boxed e-con e-parent\" data-id=\"7d1543d2\" data-element_type=\"container\" data-e-type=\"container\">\n\t\t\t\t\t<div class=\"e-con-inner\">\n\t\t<div class=\"elementor-element elementor-element-54f3176c e-con-full e-flex e-con e-child\" data-id=\"54f3176c\" data-element_type=\"container\" data-e-type=\"container\">\n\t\t<div class=\"elementor-element elementor-element-47a0b164 e-con-full e-flex e-con e-child\" data-id=\"47a0b164\" data-element_type=\"container\" data-e-type=\"container\">\n\t\t<div class=\"elementor-element elementor-element-599bbc53 e-flex e-con-boxed elementor-invisible e-con e-child\" data-id=\"599bbc53\" data-element_type=\"container\" data-e-type=\"container\" data-settings=\"{&quot;animation&quot;:&quot;fadeIn&quot;,&quot;animation_delay&quot;:400}\">\n\t\t\t\t\t<div class=\"e-con-inner\">\n\t\t\t\t<div class=\"elementor-element elementor-element-1f6cefd1 elementor-widget-divider--view-line elementor-widget elementor-widget-divider\" data-id=\"1f6cefd1\" data-element_type=\"widget\" data-e-type=\"widget\" data-widget_type=\"divider.default\">\n\t\t\t\t\t\t\t<div class=\"elementor-divider\">\n\t\t\t<span class=\"elementor-divider-separator\">\n\t\t\t\t\t\t<\/span>\n\t\t<\/div>\n\t\t\t\t\t\t<\/div>\n\t\t\t\t<div class=\"elementor-element elementor-element-22744538 elementor-widget elementor-widget-heading\" data-id=\"22744538\" data-element_type=\"widget\" data-e-type=\"widget\" data-widget_type=\"heading.default\">\n\t\t\t\t\t<h3 class=\"elementor-heading-title elementor-size-default\">The person responsible for the content is<\/h3>\t\t\t\t<\/div>\n\t\t\t\t<div class=\"elementor-element elementor-element-4f0a3b92 elementor-widget elementor-widget-text-editor\" data-id=\"4f0a3b92\" data-element_type=\"widget\" data-e-type=\"widget\" data-widget_type=\"text-editor.default\">\n\t\t\t\t\t\t\t\t\t<p>Information pursuant to \u00a7 5 E-Commerce Act (ECG), \u00a7 25 Media Act, and \u00a7 3 Psychotherapy Act<\/p><p><em>Tatjana Hepperger, MA<\/em><br \/><em>Mariahilfpark 2, Top 712<\/em><br \/><em>A-6020 Innsbruck, Austria<\/em><br \/><em>Phone: +43 677 620 266 69<\/em><br \/><em>Email: kontakt@psychotherapie-hepperger.com<\/em><\/p>\t\t\t\t\t\t\t\t<\/div>\n\t\t\t\t<div class=\"elementor-element elementor-element-25b112e elementor-widget-divider--view-line elementor-widget elementor-widget-divider\" data-id=\"25b112e\" data-element_type=\"widget\" data-e-type=\"widget\" data-widget_type=\"divider.default\">\n\t\t\t\t\t\t\t<div class=\"elementor-divider\">\n\t\t\t<span class=\"elementor-divider-separator\">\n\t\t\t\t\t\t<\/span>\n\t\t<\/div>\n\t\t\t\t\t\t<\/div>\n\t\t\t\t<div class=\"elementor-element elementor-element-61b5da7 elementor-widget elementor-widget-heading\" data-id=\"61b5da7\" data-element_type=\"widget\" data-e-type=\"widget\" data-widget_type=\"heading.default\">\n\t\t\t\t\t<h3 class=\"elementor-heading-title elementor-size-default\">Professional Legal Information<\/h3>\t\t\t\t<\/div>\n\t\t\t\t<div class=\"elementor-element elementor-element-190ab8d elementor-widget elementor-widget-text-editor\" data-id=\"190ab8d\" data-element_type=\"widget\" data-e-type=\"widget\" data-widget_type=\"text-editor.default\">\n\t\t\t\t\t\t\t\t\t<p class=\"translation-block\">Legal Basis: <em>Psychotherapy Act (BGBl. I No. 49\/2024)<\/em><br>\nSupervisory Authority: <em>Federal Ministry of Social Affairs, Health, Care, and Consumer Protection<\/em><br>\nProfessional Association: <em>Austrian Federal Association for Psychotherapy (\u00d6BVP)<\/em><\/p>\t\t\t\t\t\t\t\t<\/div>\n\t\t\t\t<div class=\"elementor-element elementor-element-48cfc34 elementor-widget-divider--view-line elementor-widget elementor-widget-divider\" data-id=\"48cfc34\" data-element_type=\"widget\" data-e-type=\"widget\" data-widget_type=\"divider.default\">\n\t\t\t\t\t\t\t<div class=\"elementor-divider\">\n\t\t\t<span class=\"elementor-divider-separator\">\n\t\t\t\t\t\t<\/span>\n\t\t<\/div>\n\t\t\t\t\t\t<\/div>\n\t\t\t\t<div class=\"elementor-element elementor-element-8903162 elementor-widget elementor-widget-heading\" data-id=\"8903162\" data-element_type=\"widget\" data-e-type=\"widget\" data-widget_type=\"heading.default\">\n\t\t\t\t\t<h3 class=\"elementor-heading-title elementor-size-default\">Disclaimer<\/h3>\t\t\t\t<\/div>\n\t\t\t\t<div class=\"elementor-element elementor-element-acba993 elementor-widget elementor-widget-text-editor\" data-id=\"acba993\" data-element_type=\"widget\" data-e-type=\"widget\" data-widget_type=\"text-editor.default\">\n\t\t\t\t\t\t\t\t\t<p>The content of this website has been created with the greatest possible care. However, no guarantee can be given for the accuracy, completeness, and timeliness of the provided information. Psychotherapy does not replace medical or psychiatric treatment but may complement it if necessary.<\/p>\t\t\t\t\t\t\t\t<\/div>\n\t\t\t\t<div class=\"elementor-element elementor-element-72c63d9 elementor-widget-divider--view-line elementor-widget elementor-widget-divider\" data-id=\"72c63d9\" data-element_type=\"widget\" data-e-type=\"widget\" data-widget_type=\"divider.default\">\n\t\t\t\t\t\t\t<div class=\"elementor-divider\">\n\t\t\t<span class=\"elementor-divider-separator\">\n\t\t\t\t\t\t<\/span>\n\t\t<\/div>\n\t\t\t\t\t\t<\/div>\n\t\t\t\t<div class=\"elementor-element elementor-element-87371d9 elementor-widget elementor-widget-heading\" data-id=\"87371d9\" data-element_type=\"widget\" data-e-type=\"widget\" data-widget_type=\"heading.default\">\n\t\t\t\t\t<h3 class=\"elementor-heading-title elementor-size-default\">Copyright<\/h3>\t\t\t\t<\/div>\n\t\t\t\t<div class=\"elementor-element elementor-element-1289f56 elementor-widget elementor-widget-text-editor\" data-id=\"1289f56\" data-element_type=\"widget\" data-e-type=\"widget\" data-widget_type=\"text-editor.default\">\n\t\t\t\t\t\t\t\t\t<p>All content on this website (texts, images, logos, etc.) is subject to copyright and may not be used or reproduced without prior written permission.<\/p>\t\t\t\t\t\t\t\t<\/div>\n\t\t\t\t\t<\/div>\n\t\t\t\t<\/div>\n\t\t\t\t<\/div>\n\t\t\t\t<\/div>\n\t\t\t\t\t<\/div>\n\t\t\t\t<\/div>\n\t\t\t\t<\/div>","protected":false},"excerpt":{"rendered":"<p>Impressum Home Impressum F\u00fcr die Inhalte verantwortlich ist Angaben gem\u00e4\u00df \u00a7 5 E-Commerce-Gesetz (ECG), \u00a7 25 Mediengesetz und \u00a7 3 Psychotherapiegesetz Tatjana Hepperger, MAMariahilfpark 2, Top 712A-6020 Innsbruck, \u00d6sterreichTelefon: +43 677 620 266 69Email: kontakt@psychotherapie-hepperger.com Berufsrechtliche Angaben Gesetzliche Grundlage: Psychotherapiegesetz (BGBl. I Nr. 49\/2024)Aufsichtsbeh\u00f6rde: Bundesministerium f\u00fcr Soziales, Gesundheit, Pflege und KonsumentenschutzBerufsverband: \u00d6sterreichischer Bundesverband f\u00fcr Psychotherapie [&hellip;]<\/p>","protected":false},"author":1,"featured_media":0,"parent":0,"menu_order":0,"comment_status":"closed","ping_status":"closed","template":"elementor_header_footer","meta":{"_cloudinary_featured_overwrite":false,"footnotes":""},"class_list":["post-1870","page","type-page","status-publish","hentry"],"_links":{"self":[{"href":"https:\/\/www.psychotherapeutin-in-innsbruck.at\/en\/wp-json\/wp\/v2\/pages\/1870"}],"collection":[{"href":"https:\/\/www.psychotherapeutin-in-innsbruck.at\/en\/wp-json\/wp\/v2\/pages"}],"about":[{"href":"https:\/\/www.psychotherapeutin-in-innsbruck.at\/en\/wp-json\/wp\/v2\/types\/page"}],"author":[{"embeddable":true,"href":"https:\/\/www.psychotherapeutin-in-innsbruck.at\/en\/wp-json\/wp\/v2\/users\/1"}],"replies":[{"embeddable":true,"href":"https:\/\/www.psychotherapeutin-in-innsbruck.at\/en\/wp-json\/wp\/v2\/comments?post=1870"}],"version-history":[{"count":10,"href":"https:\/\/www.psychotherapeutin-in-innsbruck.at\/en\/wp-json\/wp\/v2\/pages\/1870\/revisions"}],"predecessor-version":[{"id":3945,"href":"https:\/\/www.psychotherapeutin-in-innsbruck.at\/en\/wp-json\/wp\/v2\/pages\/1870\/revisions\/3945"}],"wp:attachment":[{"href":"https:\/\/www.psychotherapeutin-in-innsbruck.at\/en\/wp-json\/wp\/v2\/media?parent=1870"}],"curies":[{"name":"wp","href":"https:\/\/api.w.org\/{rel}","templated":true}]}}